{"id":651,"date":"2020-02-27T10:34:40","date_gmt":"2020-02-27T09:34:40","guid":{"rendered":"http:\/\/neu.grabpflege-burk.de\/?page_id=651"},"modified":"2024-02-15T10:46:37","modified_gmt":"2024-02-15T09:46:37","slug":"sonderleistungen1","status":"publish","type":"page","link":"https:\/\/grabpflege-burk.de\/?page_id=651","title":{"rendered":"Sonderleistungen"},"content":{"rendered":"\n<p><br><br><strong>\n&#8211; Neu: Trauerfloristik auf Anfrage<br>\n&#8211; Auf Wunsch Pflege ab sofort einmal w\u00f6chentlich<br>\n&#8211; Abdecken der Grabst\u00e4tten mit verschiedenen Tannen<br>\n&#8211; Str\u00e4u\u00dfe, Schalen und Gestecke zu Gedenktagen f\u00fcr die Grabstelle<br>\n&#8211; Wintergestecke zu Allerheiligen und Totensonntag<br>\n&#8211; Kerzen zu Feier- und Gedenktagen<br>\n&#8211; Auff\u00fcllen von Erde oder Mulch<br>\n&#8211; Zusendung eines Fotos der Grabst\u00e4tte<br>\n&#8211; Auf Wunsch Rechnungen umweltfreundlich per Mail<br>\n&#8211; Bereitstellung von vor\u00fcbergehender Holzeinfassung<br>  \n\n<\/strong><br><br><\/p>\n\n\n\n<figure class=\"wp-block-image size-large\"><img decoding=\"async\" src=\"https:\/\/grabpflege-burk.de\/wp-content\/uploads\/2020\/02\/IMG_0950-1.jpg\" alt=\"\" class=\"wp-image-903\"><br><br><br><\/figure>\n","protected":false},"excerpt":{"rendered":"<p>&#8211; Neu: Trauerfloristik auf Anfrage &#8211; Auf Wunsch Pflege ab sofort einmal w\u00f6chentlich &#8211; Abdecken der Grabst\u00e4tten mit verschiedenen Tannen &#8211; Str\u00e4u\u00dfe, Schalen und Gestecke zu Gedenktagen f\u00fcr die Grabstelle &#8211; Wintergestecke zu Allerheiligen und Totensonntag &#8211; Kerzen zu Feier- und Gedenktagen &#8211; Auff\u00fcllen von Erde oder Mulch &#8211; Zusendung eines Fotos der Grabst\u00e4tte &#8211; [&hellip;]<\/p>\n","protected":false},"author":1,"featured_media":0,"parent":0,"menu_order":0,"comment_status":"closed","ping_status":"closed","template":"","meta":{"footnotes":""},"class_list":["post-651","page","type-page","status-publish","hentry"],"jetpack_sharing_enabled":true,"_links":{"self":[{"href":"https:\/\/grabpflege-burk.de\/index.php?rest_route=\/wp\/v2\/pages\/651","targetHints":{"allow":["GET"]}}],"collection":[{"href":"https:\/\/grabpflege-burk.de\/index.php?rest_route=\/wp\/v2\/pages"}],"about":[{"href":"https:\/\/grabpflege-burk.de\/index.php?rest_route=\/wp\/v2\/types\/page"}],"author":[{"embeddable":true,"href":"https:\/\/grabpflege-burk.de\/index.php?rest_route=\/wp\/v2\/users\/1"}],"replies":[{"embeddable":true,"href":"https:\/\/grabpflege-burk.de\/index.php?rest_route=%2Fwp%2Fv2%2Fcomments&post=651"}],"version-history":[{"count":47,"href":"https:\/\/grabpflege-burk.de\/index.php?rest_route=\/wp\/v2\/pages\/651\/revisions"}],"predecessor-version":[{"id":1547,"href":"https:\/\/grabpflege-burk.de\/index.php?rest_route=\/wp\/v2\/pages\/651\/revisions\/1547"}],"wp:attachment":[{"href":"https:\/\/grabpflege-burk.de\/index.php?rest_route=%2Fwp%2Fv2%2Fmedia&parent=651"}],"curies":[{"name":"wp","href":"https:\/\/api.w.org\/{rel}","templated":true}]}}