{"id":58,"date":"2020-02-14T09:09:41","date_gmt":"2020-02-14T08:09:41","guid":{"rendered":"http:\/\/neu.grabpflege-burk.de\/?page_id=58"},"modified":"2020-03-02T11:03:08","modified_gmt":"2020-03-02T10:03:08","slug":"dauergrabpflege","status":"publish","type":"page","link":"https:\/\/grabpflege-burk.de\/?page_id=58","title":{"rendered":"Dauergrabpflege"},"content":{"rendered":"\n<p>Wir bieten Ihnen auch Dauergrabpflegevertr\u00e4ge an.<br>Diese haben in der Regel eine Laufzeit von mind. 5 Jahren bis Ende der Nutzungszeit. <\/p>\n\n\n\n<p>Die Pflege, Bepflanzung und gew\u00fcnschte Sonderleistungen werden auch hier individuell angepasst.<br>Die Vertragssumme wird von der Treuhand f\u00fcr <a rel=\"noreferrer noopener\" href=\"http:\/\/www.grabpflege-hessen.de\" target=\"_blank\">Dauergrabpflege Hessen-Th\u00fcringen GmbH<\/a>&nbsp;verwaltet. Diese \u00fcberpr\u00fcft in regelm\u00e4\u00dfigen Abst\u00e4nden unsere Arbeit auf Richtigkeit.<\/p>\n\n\n\n<p><strong>Gr\u00fcnde f\u00fcr einen Dauergrabpflegevertrag:<\/strong><br>&#8211; Umzug<br>&#8211; Vorsorge zur Entlastung der Angeh\u00f6rigen<br>&#8211; Arbeitsplatzwechsel<br>&#8211; wenig Zeit<br>&#8211; das eigene Alter<\/p>\n\n\n\n<p>Infovideo der Treuhand:<\/p>\n\n\n\n<figure class=\"wp-block-embed-youtube wp-block-embed is-type-video is-provider-youtube wp-embed-aspect-16-9 wp-has-aspect-ratio\"><div class=\"wp-block-embed__wrapper\">\n<iframe loading=\"lazy\" title=\"Wir alle hinterlassen Spuren. Sie bestimmen welche.\" width=\"640\" height=\"360\" src=\"https:\/\/www.youtube.com\/embed\/NaL1pQFzMUI?feature=oembed\" frameborder=\"0\" allow=\"accelerometer; autoplay; clipboard-write; encrypted-media; gyroscope; picture-in-picture; web-share\" referrerpolicy=\"strict-origin-when-cross-origin\" allowfullscreen><\/iframe>\n<\/div><br><br><br><br><br><br><br><br><br><br><\/figure>\n","protected":false},"excerpt":{"rendered":"<p>Wir bieten Ihnen auch Dauergrabpflegevertr\u00e4ge an.Diese haben in der Regel eine Laufzeit von mind. 5 Jahren bis Ende der Nutzungszeit. Die Pflege, Bepflanzung und gew\u00fcnschte Sonderleistungen werden auch hier individuell angepasst.Die Vertragssumme wird von der Treuhand f\u00fcr Dauergrabpflege Hessen-Th\u00fcringen GmbH&nbsp;verwaltet. Diese \u00fcberpr\u00fcft in regelm\u00e4\u00dfigen Abst\u00e4nden unsere Arbeit auf Richtigkeit. Gr\u00fcnde f\u00fcr einen Dauergrabpflegevertrag:&#8211; Umzug&#8211; Vorsorge [&hellip;]<\/p>\n","protected":false},"author":1,"featured_media":0,"parent":0,"menu_order":0,"comment_status":"closed","ping_status":"closed","template":"","meta":{"footnotes":""},"class_list":["post-58","page","type-page","status-publish","hentry"],"jetpack_sharing_enabled":true,"_links":{"self":[{"href":"https:\/\/grabpflege-burk.de\/index.php?rest_route=\/wp\/v2\/pages\/58","targetHints":{"allow":["GET"]}}],"collection":[{"href":"https:\/\/grabpflege-burk.de\/index.php?rest_route=\/wp\/v2\/pages"}],"about":[{"href":"https:\/\/grabpflege-burk.de\/index.php?rest_route=\/wp\/v2\/types\/page"}],"author":[{"embeddable":true,"href":"https:\/\/grabpflege-burk.de\/index.php?rest_route=\/wp\/v2\/users\/1"}],"replies":[{"embeddable":true,"href":"https:\/\/grabpflege-burk.de\/index.php?rest_route=%2Fwp%2Fv2%2Fcomments&post=58"}],"version-history":[{"count":9,"href":"https:\/\/grabpflege-burk.de\/index.php?rest_route=\/wp\/v2\/pages\/58\/revisions"}],"predecessor-version":[{"id":746,"href":"https:\/\/grabpflege-burk.de\/index.php?rest_route=\/wp\/v2\/pages\/58\/revisions\/746"}],"wp:attachment":[{"href":"https:\/\/grabpflege-burk.de\/index.php?rest_route=%2Fwp%2Fv2%2Fmedia&parent=58"}],"curies":[{"name":"wp","href":"https:\/\/api.w.org\/{rel}","templated":true}]}}