{"id":56,"date":"2020-02-14T09:09:41","date_gmt":"2020-02-14T08:09:41","guid":{"rendered":"http:\/\/neu.grabpflege-burk.de\/?page_id=56"},"modified":"2024-02-15T10:42:51","modified_gmt":"2024-02-15T09:42:51","slug":"giessservice","status":"publish","type":"page","link":"https:\/\/grabpflege-burk.de\/?page_id=56","title":{"rendered":"Gie\u00dfservice"},"content":{"rendered":"\n<p><br><br><br><\/p>\n\n\n<p><strong>&#8211; Wir gie\u00dfen die Grabst\u00e4tte regelm\u00e4\u00dfig 3 mal w\u00f6chentlich oder angepasst an Wetter, <br>Lage der Grabstelle und nach Bepflanzung<br>&#8211; Unser Gie\u00dfservice kann auch bei l\u00e4ngerer Abwesenheit in Anspruch genommen werden<br>(Urlaub, Kur, Krankenhaus usw).<\/strong><\/p>\n\n\n<p><br><br><br><br><\/p>\n\n\n\n<div class=\"wp-block-image\"><figure class=\"aligncenter size-large\"><img decoding=\"async\" src=\"https:\/\/grabpflege-burk.de\/wp-content\/uploads\/2020\/02\/IMG_7886_1.jpg\" alt=\"\" class=\"wp-image-919\"\/><\/figure><\/div>\n\n\n\n<p><br><br><\/p>\n","protected":false},"excerpt":{"rendered":"<p>&#8211; Wir gie\u00dfen die Grabst\u00e4tte regelm\u00e4\u00dfig 3 mal w\u00f6chentlich oder angepasst an Wetter, Lage der Grabstelle und nach Bepflanzung&#8211; Unser Gie\u00dfservice kann auch bei l\u00e4ngerer Abwesenheit in Anspruch genommen werden(Urlaub, Kur, Krankenhaus usw).<\/p>\n","protected":false},"author":1,"featured_media":0,"parent":0,"menu_order":0,"comment_status":"closed","ping_status":"closed","template":"","meta":{"footnotes":""},"class_list":["post-56","page","type-page","status-publish","hentry"],"jetpack_sharing_enabled":true,"_links":{"self":[{"href":"https:\/\/grabpflege-burk.de\/index.php?rest_route=\/wp\/v2\/pages\/56","targetHints":{"allow":["GET"]}}],"collection":[{"href":"https:\/\/grabpflege-burk.de\/index.php?rest_route=\/wp\/v2\/pages"}],"about":[{"href":"https:\/\/grabpflege-burk.de\/index.php?rest_route=\/wp\/v2\/types\/page"}],"author":[{"embeddable":true,"href":"https:\/\/grabpflege-burk.de\/index.php?rest_route=\/wp\/v2\/users\/1"}],"replies":[{"embeddable":true,"href":"https:\/\/grabpflege-burk.de\/index.php?rest_route=%2Fwp%2Fv2%2Fcomments&post=56"}],"version-history":[{"count":73,"href":"https:\/\/grabpflege-burk.de\/index.php?rest_route=\/wp\/v2\/pages\/56\/revisions"}],"predecessor-version":[{"id":1545,"href":"https:\/\/grabpflege-burk.de\/index.php?rest_route=\/wp\/v2\/pages\/56\/revisions\/1545"}],"wp:attachment":[{"href":"https:\/\/grabpflege-burk.de\/index.php?rest_route=%2Fwp%2Fv2%2Fmedia&parent=56"}],"curies":[{"name":"wp","href":"https:\/\/api.w.org\/{rel}","templated":true}]}}