{"id":111,"date":"2020-02-14T12:34:39","date_gmt":"2020-02-14T11:34:39","guid":{"rendered":"http:\/\/neu.grabpflege-burk.de\/?page_id=111"},"modified":"2020-03-10T19:57:05","modified_gmt":"2020-03-10T18:57:05","slug":"kontakt","status":"publish","type":"page","link":"https:\/\/grabpflege-burk.de\/?page_id=111","title":{"rendered":"Kontakt"},"content":{"rendered":"\n<div id=\"lmm_d3af76eb\" style=\"width:640px;\" class=\"mapsmarker markermap marker-1\">\n<div id=\"lmm_panel_d3af76eb\" class=\"lmm-panel\" style=\"background:#efefef;\">\n<div id=\"lmm_panel_api_d3af76eb\" class=\"lmm-panel-api\"><a href=\"https:\/\/maps.google.com\/maps?daddr=49.979598,8.803605&amp;t=m&amp;layer=1&amp;doflg=ptk&amp;om=0\" target=\"_blank\" title=\"Wegbeschreibung berechnen\"><img loading=\"lazy\" decoding=\"async\" alt=\"icon-car.png\" src=\"https:\/\/grabpflege-burk.de\/wp-content\/plugins\/leaflet-maps-marker\/inc\/img\/icon-car.png\" width=\"14\" height=\"14\" class=\"lmm-panel-api-images\" \/><\/a><\/div><div id=\"lmm_panel_text_d3af76eb\" class=\"lmm-panel-text\" style=\"font-weight:bold;color:#373737;\">Friedhofsg\u00e4rtnerei Burk<\/div><\/div>\n<div id=\"lmm_map_d3af76eb\" class=\"lmm-map\" style=\"background:#f6f6f6;border:1px solid #ccc;height:480px; overflow:hidden;padding:0;\"><p style=\"font-size:80%;color:#9f9e9e;margin-left:5px;\">Karte wird geladen - bitte warten...<noscript><br\/><strong>Karte konnte nicht geladen werden - bitte aktivieren Sie Javascript!<\/strong><br\/><a style=\"text-decoration:none;\" href=\"https:\/\/www.mapsmarker.com\/js-disabled\" target=\"_blank\">&rarr; Weitere Informationen<\/a><\/noscript><\/p><\/div>\n<div id=\"lmm_geo_tags_d3af76eb\" class=\"lmm-geo-tags geo\">\n<span class=\"paneltext\">Friedhofsg\u00e4rtnerei Burk<\/span>\n<span class=\"latitude\">49.979598<\/span>, <span class=\"longitude\">8.803605<\/span>\n<span class=\"popuptext\"><\/span>\n<\/div>\n<\/div>\n\n\n\n<p><\/p>\n\n\n\n<p><\/p>\n\n\n\n<p><\/p>\n\n\n\n<p><strong><br><br><br>treten Sie mit uns in Kontakt<\/strong><\/p>\n\n\n\n<p>BURK FRIEDHOFSG\u00c4RTNEREI<br>\nInhaber: Sven Trulsen e.K.<\/p>\n\n\n\n<p>Tel: <a href=\"tel:+491776324024\">0177 63 24 02 4<\/a> <br>Tel: <a href=\"tel:015154904373\">0151 54 90 43 73<\/a><br>B\u00fcro:  Messenh\u00e4user Stra\u00dfe 31c<br>63322 R\u00f6dermark<\/p>\n\n\n\n<p><code><a href=\"mailto:kontakt@grabpflege-burk.de\">Mail<\/a><\/code><br>Arbeitsst\u00e4tten: Friedhof Langen, Egelsbach und auf Anfrage auch andere Friedh\u00f6fe<br><br><br><br><br><br><br><br><br><\/p>\n\n\n<p><\/p>\n<p><!-- \/wp:post-content --><\/p>\n<p><!-- wp:paragraph --><\/p>\n<p><!-- \/wp:paragraph --><\/p>","protected":false},"excerpt":{"rendered":"<p>treten Sie mit uns in Kontakt BURK FRIEDHOFSG\u00c4RTNEREI Inhaber: Sven Trulsen e.K. Tel: 0177 63 24 02 4 Tel: 0151 54 90 43 73B\u00fcro: Messenh\u00e4user Stra\u00dfe 31c63322 R\u00f6dermark MailArbeitsst\u00e4tten: Friedhof Langen, Egelsbach und auf Anfrage auch andere Friedh\u00f6fe<\/p>\n","protected":false},"author":1,"featured_media":0,"parent":0,"menu_order":0,"comment_status":"closed","ping_status":"closed","template":"","meta":{"footnotes":""},"class_list":["post-111","page","type-page","status-publish","hentry"],"jetpack_sharing_enabled":true,"_links":{"self":[{"href":"https:\/\/grabpflege-burk.de\/index.php?rest_route=\/wp\/v2\/pages\/111","targetHints":{"allow":["GET"]}}],"collection":[{"href":"https:\/\/grabpflege-burk.de\/index.php?rest_route=\/wp\/v2\/pages"}],"about":[{"href":"https:\/\/grabpflege-burk.de\/index.php?rest_route=\/wp\/v2\/types\/page"}],"author":[{"embeddable":true,"href":"https:\/\/grabpflege-burk.de\/index.php?rest_route=\/wp\/v2\/users\/1"}],"replies":[{"embeddable":true,"href":"https:\/\/grabpflege-burk.de\/index.php?rest_route=%2Fwp%2Fv2%2Fcomments&post=111"}],"version-history":[{"count":17,"href":"https:\/\/grabpflege-burk.de\/index.php?rest_route=\/wp\/v2\/pages\/111\/revisions"}],"predecessor-version":[{"id":1127,"href":"https:\/\/grabpflege-burk.de\/index.php?rest_route=\/wp\/v2\/pages\/111\/revisions\/1127"}],"wp:attachment":[{"href":"https:\/\/grabpflege-burk.de\/index.php?rest_route=%2Fwp%2Fv2%2Fmedia&parent=111"}],"curies":[{"name":"wp","href":"https:\/\/api.w.org\/{rel}","templated":true}]}}