{"id":110,"date":"2020-02-14T12:34:39","date_gmt":"2020-02-14T11:34:39","guid":{"rendered":"http:\/\/neu.grabpflege-burk.de\/?page_id=110"},"modified":"2025-02-28T12:31:22","modified_gmt":"2025-02-28T11:31:22","slug":"home","status":"publish","type":"page","link":"https:\/\/grabpflege-burk.de\/","title":{"rendered":"Home"},"content":{"rendered":"\n<h2 class=\"has-text-align-center wp-block-heading\">Willkommen auf unserer Homepage<\/h2>\n\n\n\n<p>Wir helfen ihnen gern unb\u00fcrokratisch und schnell bei der Pflege ihrer Grabst\u00e4tte. Rufen Sie uns einfach an  <a href=\"tel:+491776324024\">0177 63 24 02 4<\/a> oder schreiben uns eine <a href=\"mailto:kontakt@grabpflege-burk.de\">Mail<\/a>  .<\/p>\n\n\n\n<p><br><u><i><strong>Wir bieten ebenfalls an:<\/strong><\/i><\/u><\/p>\n\n\n\n<ul class=\"wp-block-list\"><i><li><p><strong>Gartengestaltung, Gartenpflege und Bepflanzung<\/strong><\/p><\/li><li><p><strong>Gestaltung von Au\u00dfen- und Gr\u00fcnanlagen, Gr\u00fcn- und Heckenschnitt<\/strong><\/p><\/li><\/i><\/ul>\n\n\n\n<p><\/p>\n\n\n\n<p><\/p>\n\n\n\n<p><br>Ab sofort: Sie k\u00f6nnen \u00fcber unseren <a href=\"http:\/\/shop.grabpflege-burk.de\/\">Shop <\/a>Gutscheine, Schalen und Blumenstr\u00e4u\u00dfe erhalten. <\/p>\n\n\n\n<br class=\"wp-block-gallery-1 is-layout-flex wp-block-gallery-is-layout-flex\">\n<figure class=\"wp-block-gallery aligncenter columns-3\"><ul class=\"blocks-gallery-grid\"><li class=\"blocks-gallery-item\"><figure><a href=\"?page_id=59\"><img loading=\"lazy\" decoding=\"async\" width=\"150\" height=\"150\" src=\"http:\/\/grabpflege-burk.de\/wp-content\/uploads\/2020\/02\/Schaufel-01-150x150-1.png\" alt=\"\" data-id=\"476\" data-full-url=\"http:\/\/grabpflege-burk.de\/wp-content\/uploads\/2020\/02\/Schaufel-01-150x150-1.png\" data-link=\"http:\/\/grabpflege-burk.de\/?attachment_id=476\" class=\"wp-image-476\" srcset=\"https:\/\/grabpflege-burk.de\/wp-content\/uploads\/2020\/02\/Schaufel-01-150x150-1.png 150w, https:\/\/grabpflege-burk.de\/wp-content\/uploads\/2020\/02\/Schaufel-01-150x150-1-144x144.png 144w, https:\/\/grabpflege-burk.de\/wp-content\/uploads\/2020\/02\/Schaufel-01-150x150-1-100x100.png 100w\" sizes=\"auto, (max-width: 150px) 100vw, 150px\" \/><figcaption class=\"blocks-gallery-item__caption\">&nbsp;&nbsp;&nbsp;&nbsp;&nbsp;&nbsp;\nPflege<\/figcaption><\/a><\/figure><\/li><li class=\"blocks-gallery-item\"><figure><a href=\"?page_id=55\"><img loading=\"lazy\" decoding=\"async\" width=\"150\" height=\"150\" src=\"http:\/\/grabpflege-burk.de\/wp-content\/uploads\/2020\/02\/Pflanze-021-150x150-1.png\" alt=\"\" data-id=\"475\" data-full-url=\"http:\/\/grabpflege-burk.de\/wp-content\/uploads\/2020\/02\/Pflanze-021-150x150-1.png\" data-link=\"http:\/\/grabpflege-burk.de\/?attachment_id=475\" class=\"wp-image-475\" srcset=\"https:\/\/grabpflege-burk.de\/wp-content\/uploads\/2020\/02\/Pflanze-021-150x150-1.png 150w, https:\/\/grabpflege-burk.de\/wp-content\/uploads\/2020\/02\/Pflanze-021-150x150-1-144x144.png 144w, https:\/\/grabpflege-burk.de\/wp-content\/uploads\/2020\/02\/Pflanze-021-150x150-1-100x100.png 100w\" sizes=\"auto, (max-width: 150px) 100vw, 150px\" \/><figcaption class=\"blocks-gallery-item__caption\"> \n&nbsp;&nbsp;&nbsp;&nbsp;&nbsp;&nbsp;&nbsp;&nbsp;&nbsp;&nbsp;&nbsp;&nbsp;&nbsp;&nbsp;&nbsp;&nbsp;&nbsp;&nbsp;&nbsp;&nbsp;&nbsp;&nbsp;&nbsp;Bepflanzung<\/figcaption><\/a><\/figure><\/li><li class=\"blocks-gallery-item\"><figure><a href=\"?page_id=56\"><img loading=\"lazy\" decoding=\"async\" width=\"150\" height=\"150\" src=\"http:\/\/grabpflege-burk.de\/wp-content\/uploads\/2020\/02\/Tropfen-031-150x150-1.png\" alt=\"\" data-id=\"477\" data-full-url=\"http:\/\/grabpflege-burk.de\/wp-content\/uploads\/2020\/02\/Tropfen-031-150x150-1.png\" data-link=\"http:\/\/grabpflege-burk.de\/?attachment_id=477\" class=\"wp-image-477\" srcset=\"https:\/\/grabpflege-burk.de\/wp-content\/uploads\/2020\/02\/Tropfen-031-150x150-1.png 150w, https:\/\/grabpflege-burk.de\/wp-content\/uploads\/2020\/02\/Tropfen-031-150x150-1-144x144.png 144w, https:\/\/grabpflege-burk.de\/wp-content\/uploads\/2020\/02\/Tropfen-031-150x150-1-100x100.png 100w\" sizes=\"auto, (max-width: 150px) 100vw, 150px\" \/><figcaption class=\"blocks-gallery-item__caption\">&nbsp;&nbsp;&nbsp;&nbsp;&nbsp;&nbsp;&nbsp;&nbsp;&nbsp;&nbsp;&nbsp;&nbsp;&nbsp;&nbsp;&nbsp;&nbsp;&nbsp;&nbsp;&nbsp;&nbsp;&nbsp;&nbsp;&nbsp;&nbsp;&nbsp;&nbsp;&nbsp;&nbsp;&nbsp;Gie\u00dfservice<\/figcaption><\/figure><\/a><\/li><\/ul><\/figure><br>\n\n\n\n<div class=\"wp-block-image\"><figure class=\"aligncenter\"><img decoding=\"async\" src=\"https:\/\/grabpflege-burk.de\/wp-content\/uploads\/2020\/03\/IMG_0594_1.jpg\"><\/figure><br><br><\/div>\n\n\n\n<p><\/p>\n","protected":false},"excerpt":{"rendered":"<p>Willkommen auf unserer Homepage Wir helfen ihnen gern unb\u00fcrokratisch und schnell bei der Pflege ihrer Grabst\u00e4tte. Rufen Sie uns einfach an 0177 63 24 02 4 oder schreiben uns eine Mail . Wir bieten ebenfalls an: Gartengestaltung, Gartenpflege und Bepflanzung Gestaltung von Au\u00dfen- und Gr\u00fcnanlagen, Gr\u00fcn- und Heckenschnitt Ab sofort: Sie k\u00f6nnen \u00fcber unseren Shop [&hellip;]<\/p>\n","protected":false},"author":1,"featured_media":0,"parent":0,"menu_order":0,"comment_status":"closed","ping_status":"closed","template":"","meta":{"footnotes":""},"class_list":["post-110","page","type-page","status-publish","hentry"],"jetpack_sharing_enabled":true,"_links":{"self":[{"href":"https:\/\/grabpflege-burk.de\/index.php?rest_route=\/wp\/v2\/pages\/110","targetHints":{"allow":["GET"]}}],"collection":[{"href":"https:\/\/grabpflege-burk.de\/index.php?rest_route=\/wp\/v2\/pages"}],"about":[{"href":"https:\/\/grabpflege-burk.de\/index.php?rest_route=\/wp\/v2\/types\/page"}],"author":[{"embeddable":true,"href":"https:\/\/grabpflege-burk.de\/index.php?rest_route=\/wp\/v2\/users\/1"}],"replies":[{"embeddable":true,"href":"https:\/\/grabpflege-burk.de\/index.php?rest_route=%2Fwp%2Fv2%2Fcomments&post=110"}],"version-history":[{"count":145,"href":"https:\/\/grabpflege-burk.de\/index.php?rest_route=\/wp\/v2\/pages\/110\/revisions"}],"predecessor-version":[{"id":1570,"href":"https:\/\/grabpflege-burk.de\/index.php?rest_route=\/wp\/v2\/pages\/110\/revisions\/1570"}],"wp:attachment":[{"href":"https:\/\/grabpflege-burk.de\/index.php?rest_route=%2Fwp%2Fv2%2Fmedia&parent=110"}],"curies":[{"name":"wp","href":"https:\/\/api.w.org\/{rel}","templated":true}]}}